{"id":857,"date":"2025-02-10T10:15:03","date_gmt":"2025-02-10T10:15:03","guid":{"rendered":"https:\/\/automatrimonioverona.com\/cookie-richtlinie\/"},"modified":"2025-02-17T15:48:34","modified_gmt":"2025-02-17T15:48:34","slug":"cookie-richtlinie","status":"publish","type":"page","link":"https:\/\/automatrimonioverona.com\/de\/cookie-richtlinie\/","title":{"rendered":"Cookie-Richtlinie"},"content":{"rendered":"\t\t<div data-elementor-type=\"wp-page\" data-elementor-id=\"857\" class=\"elementor elementor-857 elementor-602\" data-elementor-post-type=\"page\">\n\t\t\t\t<div class=\"elementor-element elementor-element-2d31fdd e-con-full e-flex e-con e-parent\" data-id=\"2d31fdd\" data-element_type=\"container\" data-e-type=\"container\">\n\t\t\t\t<div class=\"elementor-element elementor-element-ea2a713 elementor-widget elementor-widget-breadcrumbs\" data-id=\"ea2a713\" data-element_type=\"widget\" data-e-type=\"widget\" data-widget_type=\"breadcrumbs.default\">\n\t\t\t\t\t<p id=\"breadcrumbs\"><span><span><a href=\"https:\/\/automatrimonioverona.com\/de\/\">Home<\/a><\/span><\/span><\/p>\t\t\t\t<\/div>\n\t\t\t\t<\/div>\n\t\t<div class=\"elementor-element elementor-element-bd5b0ed e-con-full e-flex e-con e-parent\" data-id=\"bd5b0ed\" data-element_type=\"container\" data-e-type=\"container\">\n\t\t\t\t<div class=\"elementor-element elementor-element-68a795c elementor-widget elementor-widget-text-editor\" data-id=\"68a795c\" data-element_type=\"widget\" data-e-type=\"widget\" data-widget_type=\"text-editor.default\">\n\t\t\t\t\t\t\t\t\t<p><strong>Cookie-Richtlinie &#8211; Erweiterte Richtlinie  <\/strong><\/p><h2>Data Controller<\/h2><p>Der Inhaber der Verarbeitung personenbezogener Daten auf der Website <strong>Automatrimonioverona.com<\/strong> ist <strong>Scaligera Transfer Sas<\/strong>, die die Benutzer \u00fcber die Verwendung von Cookies zur Verbesserung der Browser-Erfahrung informiert, gem\u00e4\u00df den Artikeln 13 und 122 des Gesetzesdekrets Nr. 196\/2003 (&#8222;Datenschutzgesetz&#8220;) und der Bestimmung des Garanten f\u00fcr den Schutz personenbezogener Daten Nr. 229 vom 8. Mai 2014. Diese Informationen sind nur f\u00fcr die Website <strong>Automatrimonioverona.com<\/strong> g\u00fcltig.   <\/p><h2>Was sind Cookies?<\/h2><p>Cookies sind kleine Textdateien, die auf dem Ger\u00e4t des Benutzers gespeichert werden, w\u00e4hrend er auf einer Website surft. Sie dienen haupts\u00e4chlich dazu, das Surferlebnis zu verbessern und bestimmte Funktionen der Website zu erm\u00f6glichen. <\/p><p>Durch Cookies kann die Website:<\/p><ul><li>Sicherstellung einer effizienten Navigation;<\/li><li>Informationen \u00fcber die Nutzung der Website zu sammeln, um die angebotenen Dienste zu verbessern;<\/li><li>Speichern Sie Benutzereinstellungen (z.B. den Benutzernamen oder Produkte im Warenkorb);<\/li><li>Vermeiden Sie die erneute Eingabe von bereits eingegebenen Daten.<\/li><\/ul><h3>Verwendete Arten von Cookies<\/h3><p><strong>1. Technische Cookies<\/strong><\/p><p>Technische Cookies sind f\u00fcr das reibungslose Funktionieren der Website unerl\u00e4sslich. Sie erm\u00f6glichen: <\/p><ul><li>Navigieren und nutzen Sie die Website richtig;<\/li><li>F\u00fchren Sie Authentifizierungen durch und verwalten Sie Anmeldesitzungen;<\/li><li>Speichern Sie die Navigationseinstellungen.<\/li><\/ul><p><strong>2. Analytische Cookies<\/strong><\/p><p>Sie werden verwendet, um anonyme statistische Daten \u00fcber die Nutzung der Website zu sammeln. Diese Cookies machen es m\u00f6glich: <\/p><ul><li>\u00dcberwachen Sie die Leistung der Website;<\/li><li>Analyse des Benutzerverhaltens zur Verbesserung des Benutzererlebnisses.<\/li><\/ul><p><strong>3. Profilierungs-Cookies<\/strong><\/p><p>Diese Cookies erstellen Benutzerprofile, um personalisierte Werbung auf der Grundlage der beim Surfen angezeigten Pr\u00e4ferenzen zu senden. Diese Website verwendet keine eigenen Profilierungs-Cookies, kann aber Profilierungs-Cookies von Drittanbietern hosten. <\/p><p><strong>4. Cookies von Dritten<\/strong><\/p><p>Sie integrieren Funktionen von Drittanbietern in die Website (z. B. soziale Widgets, Kommentarformulare). Diese Cookies k\u00f6nnen anonyme Daten \u00fcber die Nutzung der Website sammeln und Informationen an propriet\u00e4re Plattformen senden. <\/p><h2>Auf unserer Website verwendete Cookies<\/h2><p>Nachstehend finden Sie eine detaillierte Tabelle der auf der Website verwendeten Cookies:<\/p><div class=\"cky-audit-table-element\"> <\/div><h2>Entzug der Zustimmung<\/h2><p>Sie k\u00f6nnen Ihre Zustimmung zur Verwendung von Cookies jederzeit widerrufen, indem Sie die Schaltfl\u00e4che unten verwenden:<\/p><p><a class=\"cky-banner-element\" href=\"#\">Cookie-Einstellungen &amp; Widerruf der Cookie-Zustimmung<\/a><\/p><p>Der Widerruf der Zustimmung kann bestimmte Funktionen der Website einschr\u00e4nken, stellt aber sicher, dass Ihre Datenschutzpr\u00e4ferenzen respektiert werden.<\/p><h2>Cookies verwalten<\/h2><p>Benutzer k\u00f6nnen ihre Cookie-Pr\u00e4ferenzen direkt \u00fcber ihre Browsereinstellungen verwalten. Die Deaktivierung von Cookies kann bestimmte Funktionen der Website einschr\u00e4nken. Anleitungen zur Verwaltung von Cookies in den g\u00e4ngigen Browsern finden Sie direkt in den Browsereinstellungen.  <\/p><h2>Rechte der betroffenen Person<\/h2><p>Sie haben das Recht, Ihre Rechte gem\u00e4\u00df Artikel 7 des Gesetzesdekrets 196\/2003 und Artikel 15-22 der Verordnung (EU) 2016\/679 (GDPR) auszu\u00fcben. Weitere Informationen finden Sie in unserer <a href=\"https:\/\/automatrimonioverona.com\/privacy-policy\/\">Datenschutzrichtlinie<\/a>.   <\/p>\t\t\t\t\t\t\t\t<\/div>\n\t\t\t\t<\/div>\n\t\t\t\t<\/div>\n\t\t","protected":false},"excerpt":{"rendered":"<p>Cookie-Richtlinie &#8211; Erweiterte Richtlinie Data Controller Der Inhaber der Verarbeitung personenbezogener Daten auf der Website Automatrimonioverona.com ist Scaligera Transfer Sas, die die Benutzer \u00fcber die Verwendung von Cookies zur Verbesserung der Browser-Erfahrung informiert, gem\u00e4\u00df den Artikeln 13 und 122 des Gesetzesdekrets Nr. 196\/2003 (&#8222;Datenschutzgesetz&#8220;) und der Bestimmung des Garanten f\u00fcr den Schutz personenbezogener Daten Nr. [&hellip;]<\/p>\n","protected":false},"author":1,"featured_media":0,"parent":0,"menu_order":0,"comment_status":"closed","ping_status":"closed","template":"","meta":{"inline_featured_image":false,"footnotes":""},"class_list":["post-857","page","type-page","status-publish","hentry"],"yoast_head":"<!-- This site is optimized with the Yoast SEO plugin v27.0 - https:\/\/yoast.com\/product\/yoast-seo-wordpress\/ -->\n<title>Cookie-Richtlinie - Auto Matrimonio Verona<\/title>\n<meta name=\"robots\" content=\"index, follow, max-snippet:-1, max-image-preview:large, max-video-preview:-1\" \/>\n<link rel=\"canonical\" href=\"https:\/\/automatrimonioverona.com\/de\/cookie-richtlinie\/\" \/>\n<meta property=\"og:locale\" content=\"de_DE\" \/>\n<meta property=\"og:type\" content=\"article\" \/>\n<meta property=\"og:title\" content=\"Cookie-Richtlinie - Auto Matrimonio Verona\" \/>\n<meta property=\"og:description\" content=\"Cookie-Richtlinie &#8211; Erweiterte Richtlinie Data Controller Der Inhaber der Verarbeitung personenbezogener Daten auf der Website Automatrimonioverona.com ist Scaligera Transfer Sas, die die Benutzer \u00fcber die Verwendung von Cookies zur Verbesserung der Browser-Erfahrung informiert, gem\u00e4\u00df den Artikeln 13 und 122 des Gesetzesdekrets Nr. 196\/2003 (&#8222;Datenschutzgesetz&#8220;) und der Bestimmung des Garanten f\u00fcr den Schutz personenbezogener Daten Nr. [&hellip;]\" \/>\n<meta property=\"og:url\" content=\"https:\/\/automatrimonioverona.com\/de\/cookie-richtlinie\/\" \/>\n<meta property=\"og:site_name\" content=\"Auto Matrimonio Verona\" \/>\n<meta property=\"article:modified_time\" content=\"2025-02-17T15:48:34+00:00\" \/>\n<meta name=\"twitter:card\" content=\"summary_large_image\" \/>\n<meta name=\"twitter:label1\" content=\"Gesch\u00e4tzte Lesezeit\" \/>\n\t<meta name=\"twitter:data1\" content=\"2\u00a0Minuten\" \/>\n<script type=\"application\/ld+json\" class=\"yoast-schema-graph\">{\"@context\":\"https:\/\/schema.org\",\"@graph\":[{\"@type\":\"WebPage\",\"@id\":\"https:\/\/automatrimonioverona.com\/de\/cookie-richtlinie\/\",\"url\":\"https:\/\/automatrimonioverona.com\/de\/cookie-richtlinie\/\",\"name\":\"Cookie-Richtlinie - Auto Matrimonio Verona\",\"isPartOf\":{\"@id\":\"https:\/\/automatrimonioverona.com\/de\/#website\"},\"datePublished\":\"2025-02-10T10:15:03+00:00\",\"dateModified\":\"2025-02-17T15:48:34+00:00\",\"breadcrumb\":{\"@id\":\"https:\/\/automatrimonioverona.com\/de\/cookie-richtlinie\/#breadcrumb\"},\"inLanguage\":\"de\",\"potentialAction\":[{\"@type\":\"ReadAction\",\"target\":[\"https:\/\/automatrimonioverona.com\/de\/cookie-richtlinie\/\"]}]},{\"@type\":\"BreadcrumbList\",\"@id\":\"https:\/\/automatrimonioverona.com\/de\/cookie-richtlinie\/#breadcrumb\",\"itemListElement\":[{\"@type\":\"ListItem\",\"position\":1,\"name\":\"Home\",\"item\":\"https:\/\/automatrimonioverona.com\/de\/\"},{\"@type\":\"ListItem\",\"position\":2,\"name\":\"Cookie-Richtlinie\"}]},{\"@type\":\"WebSite\",\"@id\":\"https:\/\/automatrimonioverona.com\/de\/#website\",\"url\":\"https:\/\/automatrimonioverona.com\/de\/\",\"name\":\"Auto Matrimonio Verona\",\"description\":\"Noleggio Auto per Matrimoni di Lusso Verona &amp; Provincia\",\"publisher\":{\"@id\":\"https:\/\/automatrimonioverona.com\/de\/#organization\"},\"potentialAction\":[{\"@type\":\"SearchAction\",\"target\":{\"@type\":\"EntryPoint\",\"urlTemplate\":\"https:\/\/automatrimonioverona.com\/de\/?s={search_term_string}\"},\"query-input\":{\"@type\":\"PropertyValueSpecification\",\"valueRequired\":true,\"valueName\":\"search_term_string\"}}],\"inLanguage\":\"de\"},{\"@type\":\"Organization\",\"@id\":\"https:\/\/automatrimonioverona.com\/de\/#organization\",\"name\":\"Auto Matrimonio Verona\",\"url\":\"https:\/\/automatrimonioverona.com\/de\/\",\"logo\":{\"@type\":\"ImageObject\",\"inLanguage\":\"de\",\"@id\":\"https:\/\/automatrimonioverona.com\/de\/#\/schema\/logo\/image\/\",\"url\":\"https:\/\/automatrimonioverona.com\/wp-content\/uploads\/2025\/01\/logoclassico-1.svg\",\"contentUrl\":\"https:\/\/automatrimonioverona.com\/wp-content\/uploads\/2025\/01\/logoclassico-1.svg\",\"width\":181,\"height\":126,\"caption\":\"Auto Matrimonio Verona\"},\"image\":{\"@id\":\"https:\/\/automatrimonioverona.com\/de\/#\/schema\/logo\/image\/\"}}]}<\/script>\n<!-- \/ Yoast SEO plugin. -->","yoast_head_json":{"title":"Cookie-Richtlinie - Auto Matrimonio Verona","robots":{"index":"index","follow":"follow","max-snippet":"max-snippet:-1","max-image-preview":"max-image-preview:large","max-video-preview":"max-video-preview:-1"},"canonical":"https:\/\/automatrimonioverona.com\/de\/cookie-richtlinie\/","og_locale":"de_DE","og_type":"article","og_title":"Cookie-Richtlinie - Auto Matrimonio Verona","og_description":"Cookie-Richtlinie &#8211; Erweiterte Richtlinie Data Controller Der Inhaber der Verarbeitung personenbezogener Daten auf der Website Automatrimonioverona.com ist Scaligera Transfer Sas, die die Benutzer \u00fcber die Verwendung von Cookies zur Verbesserung der Browser-Erfahrung informiert, gem\u00e4\u00df den Artikeln 13 und 122 des Gesetzesdekrets Nr. 196\/2003 (&#8222;Datenschutzgesetz&#8220;) und der Bestimmung des Garanten f\u00fcr den Schutz personenbezogener Daten Nr. [&hellip;]","og_url":"https:\/\/automatrimonioverona.com\/de\/cookie-richtlinie\/","og_site_name":"Auto Matrimonio Verona","article_modified_time":"2025-02-17T15:48:34+00:00","twitter_card":"summary_large_image","twitter_misc":{"Gesch\u00e4tzte Lesezeit":"2\u00a0Minuten"},"schema":{"@context":"https:\/\/schema.org","@graph":[{"@type":"WebPage","@id":"https:\/\/automatrimonioverona.com\/de\/cookie-richtlinie\/","url":"https:\/\/automatrimonioverona.com\/de\/cookie-richtlinie\/","name":"Cookie-Richtlinie - Auto Matrimonio Verona","isPartOf":{"@id":"https:\/\/automatrimonioverona.com\/de\/#website"},"datePublished":"2025-02-10T10:15:03+00:00","dateModified":"2025-02-17T15:48:34+00:00","breadcrumb":{"@id":"https:\/\/automatrimonioverona.com\/de\/cookie-richtlinie\/#breadcrumb"},"inLanguage":"de","potentialAction":[{"@type":"ReadAction","target":["https:\/\/automatrimonioverona.com\/de\/cookie-richtlinie\/"]}]},{"@type":"BreadcrumbList","@id":"https:\/\/automatrimonioverona.com\/de\/cookie-richtlinie\/#breadcrumb","itemListElement":[{"@type":"ListItem","position":1,"name":"Home","item":"https:\/\/automatrimonioverona.com\/de\/"},{"@type":"ListItem","position":2,"name":"Cookie-Richtlinie"}]},{"@type":"WebSite","@id":"https:\/\/automatrimonioverona.com\/de\/#website","url":"https:\/\/automatrimonioverona.com\/de\/","name":"Auto Matrimonio Verona","description":"Noleggio Auto per Matrimoni di Lusso Verona &amp; Provincia","publisher":{"@id":"https:\/\/automatrimonioverona.com\/de\/#organization"},"potentialAction":[{"@type":"SearchAction","target":{"@type":"EntryPoint","urlTemplate":"https:\/\/automatrimonioverona.com\/de\/?s={search_term_string}"},"query-input":{"@type":"PropertyValueSpecification","valueRequired":true,"valueName":"search_term_string"}}],"inLanguage":"de"},{"@type":"Organization","@id":"https:\/\/automatrimonioverona.com\/de\/#organization","name":"Auto Matrimonio Verona","url":"https:\/\/automatrimonioverona.com\/de\/","logo":{"@type":"ImageObject","inLanguage":"de","@id":"https:\/\/automatrimonioverona.com\/de\/#\/schema\/logo\/image\/","url":"https:\/\/automatrimonioverona.com\/wp-content\/uploads\/2025\/01\/logoclassico-1.svg","contentUrl":"https:\/\/automatrimonioverona.com\/wp-content\/uploads\/2025\/01\/logoclassico-1.svg","width":181,"height":126,"caption":"Auto Matrimonio Verona"},"image":{"@id":"https:\/\/automatrimonioverona.com\/de\/#\/schema\/logo\/image\/"}}]}},"_links":{"self":[{"href":"https:\/\/automatrimonioverona.com\/de\/wp-json\/wp\/v2\/pages\/857","targetHints":{"allow":["GET"]}}],"collection":[{"href":"https:\/\/automatrimonioverona.com\/de\/wp-json\/wp\/v2\/pages"}],"about":[{"href":"https:\/\/automatrimonioverona.com\/de\/wp-json\/wp\/v2\/types\/page"}],"author":[{"embeddable":true,"href":"https:\/\/automatrimonioverona.com\/de\/wp-json\/wp\/v2\/users\/1"}],"replies":[{"embeddable":true,"href":"https:\/\/automatrimonioverona.com\/de\/wp-json\/wp\/v2\/comments?post=857"}],"version-history":[{"count":1,"href":"https:\/\/automatrimonioverona.com\/de\/wp-json\/wp\/v2\/pages\/857\/revisions"}],"predecessor-version":[{"id":859,"href":"https:\/\/automatrimonioverona.com\/de\/wp-json\/wp\/v2\/pages\/857\/revisions\/859"}],"wp:attachment":[{"href":"https:\/\/automatrimonioverona.com\/de\/wp-json\/wp\/v2\/media?parent=857"}],"curies":[{"name":"wp","href":"https:\/\/api.w.org\/{rel}","templated":true}]}}