{"id":862,"date":"2025-01-21T13:06:50","date_gmt":"2025-01-21T13:06:50","guid":{"rendered":"https:\/\/automatrimonioverona.com\/datenschutzbestimmungen\/"},"modified":"2025-02-17T15:48:35","modified_gmt":"2025-02-17T15:48:35","slug":"datenschutzbestimmungen","status":"publish","type":"page","link":"https:\/\/automatrimonioverona.com\/de\/datenschutzbestimmungen\/","title":{"rendered":"Datenschutzbestimmungen"},"content":{"rendered":"\t\t<div data-elementor-type=\"wp-page\" data-elementor-id=\"862\" class=\"elementor elementor-862 elementor-3\" data-elementor-post-type=\"page\">\n\t\t\t\t<div class=\"elementor-element elementor-element-2399c24 e-con-full e-flex e-con e-parent\" data-id=\"2399c24\" data-element_type=\"container\" data-e-type=\"container\">\n\t\t\t\t<div class=\"elementor-element elementor-element-1acdf0f elementor-widget elementor-widget-breadcrumbs\" data-id=\"1acdf0f\" data-element_type=\"widget\" data-e-type=\"widget\" data-widget_type=\"breadcrumbs.default\">\n\t\t\t\t\t<p id=\"breadcrumbs\"><span><span><a href=\"https:\/\/automatrimonioverona.com\/de\/\">Home<\/a><\/span><\/span><\/p>\t\t\t\t<\/div>\n\t\t\t\t<\/div>\n\t\t<div class=\"elementor-element elementor-element-4edd43c e-con-full e-flex e-con e-parent\" data-id=\"4edd43c\" data-element_type=\"container\" data-e-type=\"container\">\n\t\t\t\t<div class=\"elementor-element elementor-element-65be99f3 elementor-widget elementor-widget-text-editor\" data-id=\"65be99f3\" data-element_type=\"widget\" data-e-type=\"widget\" data-widget_type=\"text-editor.default\">\n\t\t\t\t\t\t\t\t\t<p><strong>Website:<\/strong> automatrimonioverona.com<\/p>\n<p><strong>Inhaber der Datenverarbeitung:<\/strong> Scaligera Transfer sas<\/p>\n<p><strong>Hauptsitz:<\/strong> Via G. Falcone 36 &#8211; 37067 Valeggio sul Mincio (VR)<\/p>\n<p><strong>UMSATZSTEUER-IDENTIFIKATIONSNUMMER:<\/strong> 04483100238<\/p>\n<p><strong>Zuletzt aktualisiert:<\/strong> 25. Mai 2018<\/p>\n<p>Der Schutz Ihrer Privatsph\u00e4re ist eines unserer wichtigsten Ziele.<\/p>\n<p>Mit diesem Dokument k\u00f6nnen Sie sich \u00fcber unsere Datenschutzpolitik informieren, um zu verstehen, wie Ihre pers\u00f6nlichen Daten behandelt werden, wenn Sie unsere Dienste nutzen. Es erm\u00f6glicht Ihnen auch, der Verarbeitung Ihrer pers\u00f6nlichen Daten auf informierte Weise in den Bereichen der Website zuzustimmen, in denen dies erforderlich ist. <\/p>\n<p>In den verschiedenen Bereichen der <strong>Website<\/strong>, in denen wir Ihre personenbezogenen Daten erfassen, werden gem\u00e4\u00df Artikel 13 der Verordnung (EU) 2016\/679 (im Folgenden: &#8222;Verordnung&#8220;) besondere Hinweise ver\u00f6ffentlicht, die Sie vor der Bereitstellung der angeforderten Daten zur Kenntnis nehmen m\u00fcssen. <\/p>\n<p>Die Informationen und Daten, die im Rahmen der Registrierung f\u00fcr die verschiedenen Dienste (wie z.B. Informationsanfragen, Beratung, Newsletter-Registrierung, Marketingaktivit\u00e4ten, Teilnahme an Veranstaltungen, kommerzielle Kommunikation) zur Verf\u00fcgung gestellt oder erfasst werden, werden in \u00dcbereinstimmung mit der Verordnung und den Vertraulichkeitsverpflichtungen verarbeitet.<\/p>\n<h2>A) Zweck der Verarbeitung<\/h2>\n<p>Die erhobenen personenbezogenen Daten werden f\u00fcr Zwecke im Zusammenhang mit den Aktivit\u00e4ten und Dienstleistungen des f\u00fcr die Datenverarbeitung Verantwortlichen verarbeitet, wie z.B.:<\/p>\n<ul>\n<li>Hilfestellung bei der Nutzung der Dienste und Verwaltung der Dienste selbst;<\/li>\n<li>Senden Sie Mitteilungen \u00fcber die Nutzung der Dienste;<\/li>\n<li>Zusendung kommerzieller Mitteilungen im Zusammenhang mit den Aktivit\u00e4ten des f\u00fcr die Datenverarbeitung Verantwortlichen;<\/li>\n<li>nur mit ausdr\u00fccklicher Zustimmung kommerzielle Mitteilungen in Bezug auf Dritte zu versenden (wenn diese nicht erteilt wird, gilt sie als NICHT erteilt).<\/li>\n<\/ul>\n<h2>B) Art der Bereitstellung von Daten<\/h2>\n<p>Die Verarbeitung personenbezogener Daten zu den oben genannten Zwecken ist f\u00fcr die Erbringung der Dienstleistungen erforderlich. Die Nichtbereitstellung dieser Daten kann den Zugang zu den von der Website angebotenen Diensten unm\u00f6glich machen. <\/p>\n<h2>C) Datenkommunikation<\/h2>\n<p>Personenbezogene Daten k\u00f6nnen weitergegeben werden an<\/p>\n<ul>\n<li>Verbundene Unternehmen oder Tochtergesellschaften zur Verfolgung der gleichen Zwecke;<\/li>\n<li>\u00d6ffentliche oder private Einrichtungen f\u00fcr rechtliche Verpflichtungen;<\/li>\n<li>Empf\u00e4nger au\u00dferhalb des Europ\u00e4ischen Wirtschaftsraums in \u00dcbereinstimmung mit der Verordnung durch Angemessenheitsbeschl\u00fcsse oder Standardvertragsklauseln, die von der Europ\u00e4ischen Kommission genehmigt wurden.<\/li>\n<\/ul>\n<h2>D) Rechte der betroffenen Person<\/h2>\n<p>Die betroffene Person hat das Recht auf:<\/p>\n<ul>\n<li>Einholung einer Best\u00e4tigung \u00fcber die Existenz der ihn betreffenden personenbezogenen Daten;<\/li>\n<li>Informieren Sie sich \u00fcber den Zweck, die Herkunft, die Logik der Verarbeitung und die beteiligten Personen;<\/li>\n<li>die Aktualisierung, Berichtigung, Erg\u00e4nzung oder L\u00f6schung von Daten zu verlangen;<\/li>\n<li>Widerspruch gegen die Verarbeitung zu Marketing- oder kommerziellen Kommunikationszwecken;<\/li>\n<li>Reichen Sie eine Beschwerde bei der Aufsichtsbeh\u00f6rde (Garante per la Protezione dei Dati Personali) ein.<\/li>\n<\/ul>\n<h2>E) Aufbewahrungsfrist<\/h2>\n<p>Die Daten werden so lange aufbewahrt, wie es f\u00fcr die angegebenen Zwecke unbedingt erforderlich ist, und in jedem Fall innerhalb der von der geltenden Gesetzgebung vorgesehenen Grenzen:<\/p>\n<ul>\n<li>Zu Informationszwecken werden die Daten gespeichert, bis die Zustimmung widerrufen wird oder bis zu drei Jahre nach der letzten Interaktion;<\/li>\n<li>Gesetzlich verpflichtet, bis zu sieben Jahre nach ihrer Zeugung.<\/li>\n<\/ul>\t\t\t\t\t\t\t\t<\/div>\n\t\t\t\t<\/div>\n\t\t\t\t<\/div>\n\t\t","protected":false},"excerpt":{"rendered":"<p>Website: automatrimonioverona.com Inhaber der Datenverarbeitung: Scaligera Transfer sas Hauptsitz: Via G. Falcone 36 &#8211; 37067 Valeggio sul Mincio (VR) UMSATZSTEUER-IDENTIFIKATIONSNUMMER: 04483100238 Zuletzt aktualisiert: 25. Mai 2018 Der Schutz Ihrer Privatsph\u00e4re ist eines unserer wichtigsten Ziele. Mit diesem Dokument k\u00f6nnen Sie sich \u00fcber unsere Datenschutzpolitik informieren, um zu verstehen, wie Ihre pers\u00f6nlichen Daten behandelt werden, wenn [&hellip;]<\/p>\n","protected":false},"author":1,"featured_media":0,"parent":0,"menu_order":0,"comment_status":"closed","ping_status":"open","template":"","meta":{"inline_featured_image":false,"footnotes":""},"class_list":["post-862","page","type-page","status-publish","hentry"],"yoast_head":"<!-- This site is optimized with the Yoast SEO plugin v27.0 - https:\/\/yoast.com\/product\/yoast-seo-wordpress\/ -->\n<title>Datenschutzbestimmungen - Auto Matrimonio Verona<\/title>\n<meta name=\"robots\" content=\"index, follow, max-snippet:-1, max-image-preview:large, max-video-preview:-1\" \/>\n<link rel=\"canonical\" href=\"https:\/\/automatrimonioverona.com\/de\/datenschutzbestimmungen\/\" \/>\n<meta property=\"og:locale\" content=\"de_DE\" \/>\n<meta property=\"og:type\" content=\"article\" \/>\n<meta property=\"og:title\" content=\"Datenschutzbestimmungen - Auto Matrimonio Verona\" \/>\n<meta property=\"og:description\" content=\"Website: automatrimonioverona.com Inhaber der Datenverarbeitung: Scaligera Transfer sas Hauptsitz: Via G. Falcone 36 &#8211; 37067 Valeggio sul Mincio (VR) UMSATZSTEUER-IDENTIFIKATIONSNUMMER: 04483100238 Zuletzt aktualisiert: 25. Mai 2018 Der Schutz Ihrer Privatsph\u00e4re ist eines unserer wichtigsten Ziele. Mit diesem Dokument k\u00f6nnen Sie sich \u00fcber unsere Datenschutzpolitik informieren, um zu verstehen, wie Ihre pers\u00f6nlichen Daten behandelt werden, wenn [&hellip;]\" \/>\n<meta property=\"og:url\" content=\"https:\/\/automatrimonioverona.com\/de\/datenschutzbestimmungen\/\" \/>\n<meta property=\"og:site_name\" content=\"Auto Matrimonio Verona\" \/>\n<meta property=\"article:modified_time\" content=\"2025-02-17T15:48:35+00:00\" \/>\n<meta name=\"twitter:card\" content=\"summary_large_image\" \/>\n<meta name=\"twitter:label1\" content=\"Gesch\u00e4tzte Lesezeit\" \/>\n\t<meta name=\"twitter:data1\" content=\"2\u00a0Minuten\" \/>\n<script type=\"application\/ld+json\" class=\"yoast-schema-graph\">{\"@context\":\"https:\/\/schema.org\",\"@graph\":[{\"@type\":\"WebPage\",\"@id\":\"https:\/\/automatrimonioverona.com\/de\/datenschutzbestimmungen\/\",\"url\":\"https:\/\/automatrimonioverona.com\/de\/datenschutzbestimmungen\/\",\"name\":\"Datenschutzbestimmungen - Auto Matrimonio Verona\",\"isPartOf\":{\"@id\":\"https:\/\/automatrimonioverona.com\/de\/#website\"},\"datePublished\":\"2025-01-21T13:06:50+00:00\",\"dateModified\":\"2025-02-17T15:48:35+00:00\",\"breadcrumb\":{\"@id\":\"https:\/\/automatrimonioverona.com\/de\/datenschutzbestimmungen\/#breadcrumb\"},\"inLanguage\":\"de\",\"potentialAction\":[{\"@type\":\"ReadAction\",\"target\":[\"https:\/\/automatrimonioverona.com\/de\/datenschutzbestimmungen\/\"]}]},{\"@type\":\"BreadcrumbList\",\"@id\":\"https:\/\/automatrimonioverona.com\/de\/datenschutzbestimmungen\/#breadcrumb\",\"itemListElement\":[{\"@type\":\"ListItem\",\"position\":1,\"name\":\"Home\",\"item\":\"https:\/\/automatrimonioverona.com\/de\/\"},{\"@type\":\"ListItem\",\"position\":2,\"name\":\"Datenschutzbestimmungen\"}]},{\"@type\":\"WebSite\",\"@id\":\"https:\/\/automatrimonioverona.com\/de\/#website\",\"url\":\"https:\/\/automatrimonioverona.com\/de\/\",\"name\":\"Auto Matrimonio Verona\",\"description\":\"Noleggio Auto per Matrimoni di Lusso Verona &amp; Provincia\",\"publisher\":{\"@id\":\"https:\/\/automatrimonioverona.com\/de\/#organization\"},\"potentialAction\":[{\"@type\":\"SearchAction\",\"target\":{\"@type\":\"EntryPoint\",\"urlTemplate\":\"https:\/\/automatrimonioverona.com\/de\/?s={search_term_string}\"},\"query-input\":{\"@type\":\"PropertyValueSpecification\",\"valueRequired\":true,\"valueName\":\"search_term_string\"}}],\"inLanguage\":\"de\"},{\"@type\":\"Organization\",\"@id\":\"https:\/\/automatrimonioverona.com\/de\/#organization\",\"name\":\"Auto Matrimonio Verona\",\"url\":\"https:\/\/automatrimonioverona.com\/de\/\",\"logo\":{\"@type\":\"ImageObject\",\"inLanguage\":\"de\",\"@id\":\"https:\/\/automatrimonioverona.com\/de\/#\/schema\/logo\/image\/\",\"url\":\"https:\/\/automatrimonioverona.com\/wp-content\/uploads\/2025\/01\/logoclassico-1.svg\",\"contentUrl\":\"https:\/\/automatrimonioverona.com\/wp-content\/uploads\/2025\/01\/logoclassico-1.svg\",\"width\":181,\"height\":126,\"caption\":\"Auto Matrimonio Verona\"},\"image\":{\"@id\":\"https:\/\/automatrimonioverona.com\/de\/#\/schema\/logo\/image\/\"}}]}<\/script>\n<!-- \/ Yoast SEO plugin. -->","yoast_head_json":{"title":"Datenschutzbestimmungen - Auto Matrimonio Verona","robots":{"index":"index","follow":"follow","max-snippet":"max-snippet:-1","max-image-preview":"max-image-preview:large","max-video-preview":"max-video-preview:-1"},"canonical":"https:\/\/automatrimonioverona.com\/de\/datenschutzbestimmungen\/","og_locale":"de_DE","og_type":"article","og_title":"Datenschutzbestimmungen - Auto Matrimonio Verona","og_description":"Website: automatrimonioverona.com Inhaber der Datenverarbeitung: Scaligera Transfer sas Hauptsitz: Via G. Falcone 36 &#8211; 37067 Valeggio sul Mincio (VR) UMSATZSTEUER-IDENTIFIKATIONSNUMMER: 04483100238 Zuletzt aktualisiert: 25. Mai 2018 Der Schutz Ihrer Privatsph\u00e4re ist eines unserer wichtigsten Ziele. Mit diesem Dokument k\u00f6nnen Sie sich \u00fcber unsere Datenschutzpolitik informieren, um zu verstehen, wie Ihre pers\u00f6nlichen Daten behandelt werden, wenn [&hellip;]","og_url":"https:\/\/automatrimonioverona.com\/de\/datenschutzbestimmungen\/","og_site_name":"Auto Matrimonio Verona","article_modified_time":"2025-02-17T15:48:35+00:00","twitter_card":"summary_large_image","twitter_misc":{"Gesch\u00e4tzte Lesezeit":"2\u00a0Minuten"},"schema":{"@context":"https:\/\/schema.org","@graph":[{"@type":"WebPage","@id":"https:\/\/automatrimonioverona.com\/de\/datenschutzbestimmungen\/","url":"https:\/\/automatrimonioverona.com\/de\/datenschutzbestimmungen\/","name":"Datenschutzbestimmungen - Auto Matrimonio Verona","isPartOf":{"@id":"https:\/\/automatrimonioverona.com\/de\/#website"},"datePublished":"2025-01-21T13:06:50+00:00","dateModified":"2025-02-17T15:48:35+00:00","breadcrumb":{"@id":"https:\/\/automatrimonioverona.com\/de\/datenschutzbestimmungen\/#breadcrumb"},"inLanguage":"de","potentialAction":[{"@type":"ReadAction","target":["https:\/\/automatrimonioverona.com\/de\/datenschutzbestimmungen\/"]}]},{"@type":"BreadcrumbList","@id":"https:\/\/automatrimonioverona.com\/de\/datenschutzbestimmungen\/#breadcrumb","itemListElement":[{"@type":"ListItem","position":1,"name":"Home","item":"https:\/\/automatrimonioverona.com\/de\/"},{"@type":"ListItem","position":2,"name":"Datenschutzbestimmungen"}]},{"@type":"WebSite","@id":"https:\/\/automatrimonioverona.com\/de\/#website","url":"https:\/\/automatrimonioverona.com\/de\/","name":"Auto Matrimonio Verona","description":"Noleggio Auto per Matrimoni di Lusso Verona &amp; Provincia","publisher":{"@id":"https:\/\/automatrimonioverona.com\/de\/#organization"},"potentialAction":[{"@type":"SearchAction","target":{"@type":"EntryPoint","urlTemplate":"https:\/\/automatrimonioverona.com\/de\/?s={search_term_string}"},"query-input":{"@type":"PropertyValueSpecification","valueRequired":true,"valueName":"search_term_string"}}],"inLanguage":"de"},{"@type":"Organization","@id":"https:\/\/automatrimonioverona.com\/de\/#organization","name":"Auto Matrimonio Verona","url":"https:\/\/automatrimonioverona.com\/de\/","logo":{"@type":"ImageObject","inLanguage":"de","@id":"https:\/\/automatrimonioverona.com\/de\/#\/schema\/logo\/image\/","url":"https:\/\/automatrimonioverona.com\/wp-content\/uploads\/2025\/01\/logoclassico-1.svg","contentUrl":"https:\/\/automatrimonioverona.com\/wp-content\/uploads\/2025\/01\/logoclassico-1.svg","width":181,"height":126,"caption":"Auto Matrimonio Verona"},"image":{"@id":"https:\/\/automatrimonioverona.com\/de\/#\/schema\/logo\/image\/"}}]}},"_links":{"self":[{"href":"https:\/\/automatrimonioverona.com\/de\/wp-json\/wp\/v2\/pages\/862","targetHints":{"allow":["GET"]}}],"collection":[{"href":"https:\/\/automatrimonioverona.com\/de\/wp-json\/wp\/v2\/pages"}],"about":[{"href":"https:\/\/automatrimonioverona.com\/de\/wp-json\/wp\/v2\/types\/page"}],"author":[{"embeddable":true,"href":"https:\/\/automatrimonioverona.com\/de\/wp-json\/wp\/v2\/users\/1"}],"replies":[{"embeddable":true,"href":"https:\/\/automatrimonioverona.com\/de\/wp-json\/wp\/v2\/comments?post=862"}],"version-history":[{"count":1,"href":"https:\/\/automatrimonioverona.com\/de\/wp-json\/wp\/v2\/pages\/862\/revisions"}],"predecessor-version":[{"id":863,"href":"https:\/\/automatrimonioverona.com\/de\/wp-json\/wp\/v2\/pages\/862\/revisions\/863"}],"wp:attachment":[{"href":"https:\/\/automatrimonioverona.com\/de\/wp-json\/wp\/v2\/media?parent=862"}],"curies":[{"name":"wp","href":"https:\/\/api.w.org\/{rel}","templated":true}]}}